{"id":1123,"date":"2023-09-28T16:21:52","date_gmt":"2023-09-28T14:21:52","guid":{"rendered":"https:\/\/www.sparkngo.fr\/?page_id=1123"},"modified":"2024-06-11T21:02:37","modified_gmt":"2024-06-11T19:02:37","slug":"ia-generative","status":"publish","type":"page","link":"https:\/\/www.sparkngo.fr\/index.php\/ia-generative\/","title":{"rendered":"IA g\u00e9n\u00e9rative"},"content":{"rendered":"\n<p class=\"has-large-font-size\"><\/p>\n\n\n\n<p class=\"has-large-font-size\"><strong>L&rsquo;IA G\u00e9n\u00e9rative au service des collaborateurs<\/strong> <\/p>\n\n\n\n<figure class=\"wp-block-image size-full is-resized\"><img loading=\"lazy\" decoding=\"async\" width=\"512\" height=\"512\" src=\"https:\/\/www.sparkngo.fr\/wp-content\/uploads\/2024\/06\/ia.png\" alt=\"Icone sous forme de processeur informatique \u00e0 l'int\u00e9rieur, il est \u00e9crit AI, pour Artificial Intelligence\" class=\"wp-image-1521\" style=\"width:150px\" srcset=\"https:\/\/www.sparkngo.fr\/wp-content\/uploads\/2024\/06\/ia.png 512w, https:\/\/www.sparkngo.fr\/wp-content\/uploads\/2024\/06\/ia-300x300.png 300w, https:\/\/www.sparkngo.fr\/wp-content\/uploads\/2024\/06\/ia-150x150.png 150w\" sizes=\"auto, (max-width: 512px) 100vw, 512px\" \/><\/figure>\n\n\n\n<p><\/p>\n\n\n\n<p>Le temps de la d\u00e9couverte des outils d\u2019IA G\u00e9n\u00e9rative est \u00e0 pr\u00e9sent derri\u00e8re nous.<br><br>M\u00eame si la connaissance contextuelle reste un facteur limitant, les cas de mise en application se multiplient sous forme d\u2019assistant : d\u00e9veloppement, r\u00e9daction de contenu, auto-formation,\u2026<\/p>\n\n\n\n<div class=\"wp-block-columns is-layout-flex wp-container-core-columns-is-layout-9d6595d7 wp-block-columns-is-layout-flex\">\n<div class=\"wp-block-column is-layout-flow wp-block-column-is-layout-flow\"><\/div>\n<\/div>\n\n\n\n<div class=\"wp-block-cover alignfull\"><span aria-hidden=\"true\" class=\"wp-block-cover__background has-nv-dark-bg-background-color has-background-dim-100 has-background-dim\"><\/span><div class=\"wp-block-cover__inner-container is-layout-constrained wp-block-cover-is-layout-constrained\">\n<p class=\"has-text-align-center has-large-font-size\"><\/p>\n\n\n\n<div class=\"wp-block-columns is-layout-flex wp-container-core-columns-is-layout-9d6595d7 wp-block-columns-is-layout-flex\">\n<div class=\"wp-block-column is-layout-flow wp-block-column-is-layout-flow\">\n<figure class=\"wp-block-image size-large\"><img loading=\"lazy\" decoding=\"async\" width=\"1024\" height=\"1024\" src=\"https:\/\/www.sparkngo.fr\/wp-content\/uploads\/2023\/08\/AdobeStock_592859932-square-1024x1024.jpeg\" alt=\"\" class=\"wp-image-878\" srcset=\"https:\/\/www.sparkngo.fr\/wp-content\/uploads\/2023\/08\/AdobeStock_592859932-square-1024x1024.jpeg 1024w, https:\/\/www.sparkngo.fr\/wp-content\/uploads\/2023\/08\/AdobeStock_592859932-square-300x300.jpeg 300w, https:\/\/www.sparkngo.fr\/wp-content\/uploads\/2023\/08\/AdobeStock_592859932-square-150x150.jpeg 150w, https:\/\/www.sparkngo.fr\/wp-content\/uploads\/2023\/08\/AdobeStock_592859932-square-768x768.jpeg 768w, https:\/\/www.sparkngo.fr\/wp-content\/uploads\/2023\/08\/AdobeStock_592859932-square-1536x1536.jpeg 1536w, https:\/\/www.sparkngo.fr\/wp-content\/uploads\/2023\/08\/AdobeStock_592859932-square-2048x2048.jpeg 2048w\" sizes=\"auto, (max-width: 1024px) 100vw, 1024px\" \/><\/figure>\n<\/div>\n\n\n\n<div class=\"wp-block-column is-layout-flow wp-block-column-is-layout-flow\">\n<p class=\"has-nv-site-bg-color has-text-color has-link-color wp-elements-2330c60c8945f5d00b2af43439080a30\">Pour \u00eatre diffus\u00e9e largement, une innovation doit apporter une b\u00e9n\u00e9fice au plus grand nombre.<\/p>\n\n\n\n<p class=\"has-nv-site-bg-color has-text-color has-link-color wp-elements-9f0d0e235a2e8a5eb9b2a621345b9f14\">Souscrire \u00e0 une licence MS Copilot ne garantit pas son appropriation imm\u00e9diate, bien au contraire. C&rsquo;est un outil, il faut savoir comment l&rsquo;utiliser.<\/p>\n\n\n\n<p class=\"has-nv-site-bg-color has-text-color has-link-color wp-elements-ee1fb1857878998fcc41166b103a2f03\">L&rsquo;\u00e9tape cl\u00e9 est donc de d\u00e9terminer les cas d&rsquo;usage o\u00f9 l&rsquo;outil apporte un b\u00e9n\u00e9fice dans un contexte de r\u00e9f\u00e9rence o\u00f9 la d\u00e9monstration est implacable.<\/p>\n\n\n\n<p class=\"has-nv-site-bg-color has-text-color has-link-color wp-elements-363ca055b581b0c6bfa3d03e4f13fc0d\">spark&amp;go vous propose de vous aider \u00e0 d\u00e9couvrir les cas d\u2019usage permettant d&rsquo;am\u00e9liorer l\u2019exp\u00e9rience collaborateur sp\u00e9cifique \u00e0 votre entreprise.<\/p>\n<\/div>\n<\/div>\n<\/div><\/div>\n","protected":false},"excerpt":{"rendered":"<p>L&rsquo;IA G\u00e9n\u00e9rative au service des collaborateurs Le temps de la d\u00e9couverte des outils d\u2019IA G\u00e9n\u00e9rative est \u00e0 pr\u00e9sent derri\u00e8re nous. M\u00eame si la connaissance contextuelle reste un facteur limitant, les cas de mise en application se multiplient sous forme d\u2019assistant : d\u00e9veloppement, r\u00e9daction de contenu, auto-formation,\u2026<\/p>\n","protected":false},"author":1,"featured_media":0,"parent":0,"menu_order":0,"comment_status":"closed","ping_status":"closed","template":"","meta":{"neve_meta_sidebar":"default","neve_meta_container":"contained","neve_meta_enable_content_width":"on","neve_meta_content_width":100,"neve_meta_title_alignment":"","neve_meta_author_avatar":"","neve_post_elements_order":"","neve_meta_disable_header":"","neve_meta_disable_footer":"on","neve_meta_disable_title":"on","footnotes":""},"class_list":["post-1123","page","type-page","status-publish","hentry"],"yoast_head":"<!-- This site is optimized with the Yoast SEO plugin v26.0 - https:\/\/yoast.com\/wordpress\/plugins\/seo\/ -->\n<title>IA g\u00e9n\u00e9rative - spark&amp;go<\/title>\n<meta name=\"robots\" content=\"index, follow, max-snippet:-1, max-image-preview:large, max-video-preview:-1\" \/>\n<link rel=\"canonical\" href=\"https:\/\/www.sparkngo.fr\/index.php\/ia-generative\/\" \/>\n<meta property=\"og:locale\" content=\"fr_FR\" \/>\n<meta property=\"og:type\" content=\"article\" \/>\n<meta property=\"og:title\" content=\"IA g\u00e9n\u00e9rative - spark&amp;go\" \/>\n<meta property=\"og:description\" content=\"L&rsquo;IA G\u00e9n\u00e9rative au service des collaborateurs Le temps de la d\u00e9couverte des outils d\u2019IA G\u00e9n\u00e9rative est \u00e0 pr\u00e9sent derri\u00e8re nous. M\u00eame si la connaissance contextuelle reste un facteur limitant, les cas de mise en application se multiplient sous forme d\u2019assistant : d\u00e9veloppement, r\u00e9daction de contenu, auto-formation,\u2026\" \/>\n<meta property=\"og:url\" content=\"https:\/\/www.sparkngo.fr\/index.php\/ia-generative\/\" \/>\n<meta property=\"og:site_name\" content=\"spark&amp;go\" \/>\n<meta property=\"article:modified_time\" content=\"2024-06-11T19:02:37+00:00\" \/>\n<meta property=\"og:image\" content=\"https:\/\/www.sparkngo.fr\/wp-content\/uploads\/2024\/06\/ia.png\" \/>\n<meta name=\"twitter:card\" content=\"summary_large_image\" \/>\n<meta name=\"twitter:label1\" content=\"Dur\u00e9e de lecture estim\u00e9e\" \/>\n\t<meta name=\"twitter:data1\" content=\"2 minutes\" \/>\n<script type=\"application\/ld+json\" class=\"yoast-schema-graph\">{\"@context\":\"https:\/\/schema.org\",\"@graph\":[{\"@type\":\"WebPage\",\"@id\":\"https:\/\/www.sparkngo.fr\/index.php\/ia-generative\/\",\"url\":\"https:\/\/www.sparkngo.fr\/index.php\/ia-generative\/\",\"name\":\"IA g\u00e9n\u00e9rative - spark&amp;go\",\"isPartOf\":{\"@id\":\"https:\/\/www.sparkngo.fr\/#website\"},\"primaryImageOfPage\":{\"@id\":\"https:\/\/www.sparkngo.fr\/index.php\/ia-generative\/#primaryimage\"},\"image\":{\"@id\":\"https:\/\/www.sparkngo.fr\/index.php\/ia-generative\/#primaryimage\"},\"thumbnailUrl\":\"https:\/\/www.sparkngo.fr\/wp-content\/uploads\/2024\/06\/ia.png\",\"datePublished\":\"2023-09-28T14:21:52+00:00\",\"dateModified\":\"2024-06-11T19:02:37+00:00\",\"breadcrumb\":{\"@id\":\"https:\/\/www.sparkngo.fr\/index.php\/ia-generative\/#breadcrumb\"},\"inLanguage\":\"fr-FR\",\"potentialAction\":[{\"@type\":\"ReadAction\",\"target\":[\"https:\/\/www.sparkngo.fr\/index.php\/ia-generative\/\"]}]},{\"@type\":\"ImageObject\",\"inLanguage\":\"fr-FR\",\"@id\":\"https:\/\/www.sparkngo.fr\/index.php\/ia-generative\/#primaryimage\",\"url\":\"https:\/\/www.sparkngo.fr\/wp-content\/uploads\/2024\/06\/ia.png\",\"contentUrl\":\"https:\/\/www.sparkngo.fr\/wp-content\/uploads\/2024\/06\/ia.png\",\"width\":512,\"height\":512},{\"@type\":\"BreadcrumbList\",\"@id\":\"https:\/\/www.sparkngo.fr\/index.php\/ia-generative\/#breadcrumb\",\"itemListElement\":[{\"@type\":\"ListItem\",\"position\":1,\"name\":\"Accueil\",\"item\":\"https:\/\/www.sparkngo.fr\/\"},{\"@type\":\"ListItem\",\"position\":2,\"name\":\"IA g\u00e9n\u00e9rative\"}]},{\"@type\":\"WebSite\",\"@id\":\"https:\/\/www.sparkngo.fr\/#website\",\"url\":\"https:\/\/www.sparkngo.fr\/\",\"name\":\"spark&amp;go\",\"description\":\"Ensemble relevons vos d\u00e9fis !\",\"publisher\":{\"@id\":\"https:\/\/www.sparkngo.fr\/#organization\"},\"alternateName\":\"sparkngo\",\"potentialAction\":[{\"@type\":\"SearchAction\",\"target\":{\"@type\":\"EntryPoint\",\"urlTemplate\":\"https:\/\/www.sparkngo.fr\/?s={search_term_string}\"},\"query-input\":{\"@type\":\"PropertyValueSpecification\",\"valueRequired\":true,\"valueName\":\"search_term_string\"}}],\"inLanguage\":\"fr-FR\"},{\"@type\":\"Organization\",\"@id\":\"https:\/\/www.sparkngo.fr\/#organization\",\"name\":\"spark&amp;go\",\"url\":\"https:\/\/www.sparkngo.fr\/\",\"logo\":{\"@type\":\"ImageObject\",\"inLanguage\":\"fr-FR\",\"@id\":\"https:\/\/www.sparkngo.fr\/#\/schema\/logo\/image\/\",\"url\":\"https:\/\/www.sparkngo.fr\/wp-content\/uploads\/2023\/07\/logo-transparent-bk.png\",\"contentUrl\":\"https:\/\/www.sparkngo.fr\/wp-content\/uploads\/2023\/07\/logo-transparent-bk.png\",\"width\":674,\"height\":158,\"caption\":\"spark&amp;go\"},\"image\":{\"@id\":\"https:\/\/www.sparkngo.fr\/#\/schema\/logo\/image\/\"},\"sameAs\":[\"https:\/\/www.linkedin.com\/company\/sparkngo\/\"]}]}<\/script>\n<!-- \/ Yoast SEO plugin. -->","yoast_head_json":{"title":"IA g\u00e9n\u00e9rative - spark&amp;go","robots":{"index":"index","follow":"follow","max-snippet":"max-snippet:-1","max-image-preview":"max-image-preview:large","max-video-preview":"max-video-preview:-1"},"canonical":"https:\/\/www.sparkngo.fr\/index.php\/ia-generative\/","og_locale":"fr_FR","og_type":"article","og_title":"IA g\u00e9n\u00e9rative - spark&amp;go","og_description":"L&rsquo;IA G\u00e9n\u00e9rative au service des collaborateurs Le temps de la d\u00e9couverte des outils d\u2019IA G\u00e9n\u00e9rative est \u00e0 pr\u00e9sent derri\u00e8re nous. M\u00eame si la connaissance contextuelle reste un facteur limitant, les cas de mise en application se multiplient sous forme d\u2019assistant : d\u00e9veloppement, r\u00e9daction de contenu, auto-formation,\u2026","og_url":"https:\/\/www.sparkngo.fr\/index.php\/ia-generative\/","og_site_name":"spark&amp;go","article_modified_time":"2024-06-11T19:02:37+00:00","og_image":[{"url":"https:\/\/www.sparkngo.fr\/wp-content\/uploads\/2024\/06\/ia.png","type":"","width":"","height":""}],"twitter_card":"summary_large_image","twitter_misc":{"Dur\u00e9e de lecture estim\u00e9e":"2 minutes"},"schema":{"@context":"https:\/\/schema.org","@graph":[{"@type":"WebPage","@id":"https:\/\/www.sparkngo.fr\/index.php\/ia-generative\/","url":"https:\/\/www.sparkngo.fr\/index.php\/ia-generative\/","name":"IA g\u00e9n\u00e9rative - spark&amp;go","isPartOf":{"@id":"https:\/\/www.sparkngo.fr\/#website"},"primaryImageOfPage":{"@id":"https:\/\/www.sparkngo.fr\/index.php\/ia-generative\/#primaryimage"},"image":{"@id":"https:\/\/www.sparkngo.fr\/index.php\/ia-generative\/#primaryimage"},"thumbnailUrl":"https:\/\/www.sparkngo.fr\/wp-content\/uploads\/2024\/06\/ia.png","datePublished":"2023-09-28T14:21:52+00:00","dateModified":"2024-06-11T19:02:37+00:00","breadcrumb":{"@id":"https:\/\/www.sparkngo.fr\/index.php\/ia-generative\/#breadcrumb"},"inLanguage":"fr-FR","potentialAction":[{"@type":"ReadAction","target":["https:\/\/www.sparkngo.fr\/index.php\/ia-generative\/"]}]},{"@type":"ImageObject","inLanguage":"fr-FR","@id":"https:\/\/www.sparkngo.fr\/index.php\/ia-generative\/#primaryimage","url":"https:\/\/www.sparkngo.fr\/wp-content\/uploads\/2024\/06\/ia.png","contentUrl":"https:\/\/www.sparkngo.fr\/wp-content\/uploads\/2024\/06\/ia.png","width":512,"height":512},{"@type":"BreadcrumbList","@id":"https:\/\/www.sparkngo.fr\/index.php\/ia-generative\/#breadcrumb","itemListElement":[{"@type":"ListItem","position":1,"name":"Accueil","item":"https:\/\/www.sparkngo.fr\/"},{"@type":"ListItem","position":2,"name":"IA g\u00e9n\u00e9rative"}]},{"@type":"WebSite","@id":"https:\/\/www.sparkngo.fr\/#website","url":"https:\/\/www.sparkngo.fr\/","name":"spark&amp;go","description":"Ensemble relevons vos d\u00e9fis !","publisher":{"@id":"https:\/\/www.sparkngo.fr\/#organization"},"alternateName":"sparkngo","potentialAction":[{"@type":"SearchAction","target":{"@type":"EntryPoint","urlTemplate":"https:\/\/www.sparkngo.fr\/?s={search_term_string}"},"query-input":{"@type":"PropertyValueSpecification","valueRequired":true,"valueName":"search_term_string"}}],"inLanguage":"fr-FR"},{"@type":"Organization","@id":"https:\/\/www.sparkngo.fr\/#organization","name":"spark&amp;go","url":"https:\/\/www.sparkngo.fr\/","logo":{"@type":"ImageObject","inLanguage":"fr-FR","@id":"https:\/\/www.sparkngo.fr\/#\/schema\/logo\/image\/","url":"https:\/\/www.sparkngo.fr\/wp-content\/uploads\/2023\/07\/logo-transparent-bk.png","contentUrl":"https:\/\/www.sparkngo.fr\/wp-content\/uploads\/2023\/07\/logo-transparent-bk.png","width":674,"height":158,"caption":"spark&amp;go"},"image":{"@id":"https:\/\/www.sparkngo.fr\/#\/schema\/logo\/image\/"},"sameAs":["https:\/\/www.linkedin.com\/company\/sparkngo\/"]}]}},"_links":{"self":[{"href":"https:\/\/www.sparkngo.fr\/index.php\/wp-json\/wp\/v2\/pages\/1123","targetHints":{"allow":["GET"]}}],"collection":[{"href":"https:\/\/www.sparkngo.fr\/index.php\/wp-json\/wp\/v2\/pages"}],"about":[{"href":"https:\/\/www.sparkngo.fr\/index.php\/wp-json\/wp\/v2\/types\/page"}],"author":[{"embeddable":true,"href":"https:\/\/www.sparkngo.fr\/index.php\/wp-json\/wp\/v2\/users\/1"}],"replies":[{"embeddable":true,"href":"https:\/\/www.sparkngo.fr\/index.php\/wp-json\/wp\/v2\/comments?post=1123"}],"version-history":[{"count":19,"href":"https:\/\/www.sparkngo.fr\/index.php\/wp-json\/wp\/v2\/pages\/1123\/revisions"}],"predecessor-version":[{"id":1531,"href":"https:\/\/www.sparkngo.fr\/index.php\/wp-json\/wp\/v2\/pages\/1123\/revisions\/1531"}],"wp:attachment":[{"href":"https:\/\/www.sparkngo.fr\/index.php\/wp-json\/wp\/v2\/media?parent=1123"}],"curies":[{"name":"wp","href":"https:\/\/api.w.org\/{rel}","templated":true}]}}