{"id":1181,"date":"2023-09-28T17:30:24","date_gmt":"2023-09-28T15:30:24","guid":{"rendered":"https:\/\/www.sparkngo.fr\/?page_id=1181"},"modified":"2023-09-29T17:11:36","modified_gmt":"2023-09-29T15:11:36","slug":"gouvernance-si","status":"publish","type":"page","link":"https:\/\/www.sparkngo.fr\/index.php\/gouvernance-si\/","title":{"rendered":"Gouvernance SI"},"content":{"rendered":"\n<p><\/p>\n\n\n\n<p style=\"font-size:36px\"><strong>Pilotage et gouvernance du SI dans une PME<\/strong><\/p>\n\n\n\n<div class=\"wp-block-columns is-layout-flex wp-container-core-columns-is-layout-9d6595d7 wp-block-columns-is-layout-flex\">\n<div class=\"wp-block-column is-layout-flow wp-block-column-is-layout-flow\">\n<figure class=\"wp-block-image size-large is-resized\"><img decoding=\"async\" src=\"https:\/\/www.sparkngo.fr\/wp-content\/uploads\/2023\/08\/AdobeStock_629437142-square-1024x1024.jpeg\" alt=\"\" class=\"wp-image-922\" style=\"width:500px\" width=\"500\" srcset=\"https:\/\/www.sparkngo.fr\/wp-content\/uploads\/2023\/08\/AdobeStock_629437142-square-1024x1024.jpeg 1024w, https:\/\/www.sparkngo.fr\/wp-content\/uploads\/2023\/08\/AdobeStock_629437142-square-300x300.jpeg 300w, https:\/\/www.sparkngo.fr\/wp-content\/uploads\/2023\/08\/AdobeStock_629437142-square-150x150.jpeg 150w, https:\/\/www.sparkngo.fr\/wp-content\/uploads\/2023\/08\/AdobeStock_629437142-square-768x768.jpeg 768w, https:\/\/www.sparkngo.fr\/wp-content\/uploads\/2023\/08\/AdobeStock_629437142-square-1536x1536.jpeg 1536w, https:\/\/www.sparkngo.fr\/wp-content\/uploads\/2023\/08\/AdobeStock_629437142-square-2048x2048.jpeg 2048w\" sizes=\"(max-width: 1024px) 100vw, 1024px\" \/><\/figure>\n<\/div>\n\n\n\n<div class=\"wp-block-column is-layout-flow wp-block-column-is-layout-flow\">\n<p><strong>Objectif :<\/strong><br>D\u00e9l\u00e9guer tout ou partie de la <strong>gouvernance de la technologie de votre entreprise <\/strong>\u00e0 un intervenant de <strong>confiance<\/strong> et <strong>exp\u00e9riment\u00e9<\/strong> dans le domaine<\/p>\n\n\n\n<p><strong>Pr\u00e9requis : <\/strong><br>R\u00e9union de d\u00e9couverte du contexte d&rsquo;environ 1h30 avec le dirigeant ou un responsable<\/p>\n\n\n\n<p><strong>Livrables exemples :<\/strong><br>&#8211; feuille de route : strat\u00e9gie, organisation, technologie et op\u00e9rationnel<br>&#8211; matrice des r\u00f4les et responsabilit\u00e9s<br>&#8211; bilan et recommandations sur :<br>* la cybers\u00e9curit\u00e9<br>* les aspects budg\u00e9taires<br> * le pilotage et le choix des partenaires<br>&#8211; recrutement et int\u00e9gration d&rsquo;une \u00e9quipe interne<\/p>\n\n\n\n<p><strong>Intervenant(s) :<\/strong><br>Consultant.e(s) exp\u00e9riment\u00e9.e (s) sur les aspects&nbsp; gouvernance de la cybers\u00e9curit\u00e9, mat\u00e9riels informatiques et r\u00e9seaux, gestion des fournisseurs,\u2026<\/p>\n<\/div>\n<\/div>\n\n\n\n<div class=\"wp-block-cover alignfull\"><span aria-hidden=\"true\" class=\"wp-block-cover__background has-nv-dark-bg-background-color has-background-dim-100 has-background-dim\"><\/span><div class=\"wp-block-cover__inner-container is-layout-constrained wp-block-cover-is-layout-constrained\">\n<p class=\"has-text-align-center has-large-font-size\"><br><strong>Retour d&rsquo;exp\u00e9rience :<\/strong><br><strong>cr\u00e9ation d&rsquo;une DSI dans le monde audiovisuel<\/strong><\/p>\n\n\n\n<div class=\"wp-block-group\"><div class=\"wp-block-group__inner-container is-layout-constrained wp-block-group-is-layout-constrained\">\n<div class=\"wp-block-columns is-layout-flex wp-container-core-columns-is-layout-9d6595d7 wp-block-columns-is-layout-flex\">\n<div class=\"wp-block-column is-layout-flow wp-block-column-is-layout-flow\">\n<div class=\"wp-block-columns is-layout-flex wp-container-core-columns-is-layout-9d6595d7 wp-block-columns-is-layout-flex\">\n<div class=\"wp-block-column is-layout-flow wp-block-column-is-layout-flow\">\n<p style=\"font-size:25px\"><\/p>\n\n\n\n<p>Le march\u00e9 de l&rsquo;audiovisuel fran\u00e7ais est historiquement compos\u00e9 d&rsquo;une myriade d&rsquo;ind\u00e9pendants et de micro-soci\u00e9t\u00e9s. L&rsquo;autonomie est culturellement ancr\u00e9e.<br><br>En 2020, les p\u00e9riodes de confinement ont favoris\u00e9 l&rsquo;accroissement de la demande de nouveaux contenus. Cela a \u00e9t\u00e9 l&rsquo;opportunit\u00e9 d&rsquo;une recomposition du march\u00e9 par fusion \/ acquisition, pour une soci\u00e9t\u00e9 fran\u00e7aise d&rsquo;audiovisuel.<br><br>Ses investisseurs, dans le cadre des due diligences, ont proc\u00e9d\u00e9 \u00e0 des audits faisant appara\u00eetre des am\u00e9liorations attendues et plus pr\u00e9cis\u00e9ment sur les aspects cybers\u00e9curit\u00e9 et pilotage du syst\u00e8me d&rsquo;informations.<br><br>Dans ce contexte mi-2021, la mission de cr\u00e9ation d&rsquo;une DSI a d\u00e9but\u00e9.<\/p>\n<\/div>\n\n\n\n<div class=\"wp-block-column is-layout-flow wp-block-column-is-layout-flow\">\n<figure class=\"wp-block-image size-large is-resized\"><img decoding=\"async\" src=\"https:\/\/www.sparkngo.fr\/wp-content\/uploads\/2023\/09\/pexels-cottonbro-studio-4009409-1024x1024.jpg\" alt=\"\" class=\"wp-image-1235\" style=\"width:500px\" width=\"500\" srcset=\"https:\/\/www.sparkngo.fr\/wp-content\/uploads\/2023\/09\/pexels-cottonbro-studio-4009409-1024x1024.jpg 1024w, https:\/\/www.sparkngo.fr\/wp-content\/uploads\/2023\/09\/pexels-cottonbro-studio-4009409-300x300.jpg 300w, https:\/\/www.sparkngo.fr\/wp-content\/uploads\/2023\/09\/pexels-cottonbro-studio-4009409-150x150.jpg 150w, https:\/\/www.sparkngo.fr\/wp-content\/uploads\/2023\/09\/pexels-cottonbro-studio-4009409-768x768.jpg 768w, https:\/\/www.sparkngo.fr\/wp-content\/uploads\/2023\/09\/pexels-cottonbro-studio-4009409-1536x1536.jpg 1536w, https:\/\/www.sparkngo.fr\/wp-content\/uploads\/2023\/09\/pexels-cottonbro-studio-4009409-2048x2048.jpg 2048w\" sizes=\"(max-width: 1024px) 100vw, 1024px\" \/><\/figure>\n<\/div>\n<\/div>\n\n\n\n<p>Au d\u00e9marrage, la premi\u00e8re \u00e9tape a consist\u00e9 \u00e0 identifier les diff\u00e9rents acteurs au si\u00e8ge et dans les diff\u00e9rentes filiales, charg\u00e9s souvent malgr\u00e9 eux de palier \u00e0 l&rsquo;absence de pilotage du syst\u00e8me d&rsquo;informations : commande de mat\u00e9riels, support informatique, infog\u00e9rance &#8230;<\/p>\n\n\n\n<p>Dans une soci\u00e9t\u00e9 en hyper croissance, aucun r\u00e9pit, apr\u00e8s quelques jours d&rsquo;intervention, il a fallu pr\u00e9parer de nouveaux locaux pour accueillir les collaborateurs fra\u00eechement recrut\u00e9s. Le r\u00e9seau informatique WAN\/LAN a \u00e9t\u00e9 \u00e9tudi\u00e9 en express pour pouvoir proposer et mettre en place la meilleure solution, en moins de 15 jours, travaux compris.<\/p>\n\n\n\n<p>Apr\u00e8s quelques semaines et des dizaines de personnes rencontr\u00e9es, une premi\u00e8re strat\u00e9gie a \u00e9t\u00e9 \u00e9tablie et partag\u00e9e avec les dirigeants : la cr\u00e9ation de la DSI \u00e9tait en marche.<\/p>\n\n\n\n<p>Les premi\u00e8res communications effectu\u00e9es ont permis d&rsquo;expliquer l&rsquo;int\u00e9r\u00eat de mettre en place une nouvelle direction d\u00e9di\u00e9e aux syst\u00e8mes d&rsquo;information, en d\u00e9passant la fronti\u00e8re, dans l&rsquo;imaginaire commun, du poste de travail informatique.<\/p>\n\n\n\n<p>Pour asseoir la l\u00e9gitimit\u00e9, une premi\u00e8re sensibilisation a \u00e9t\u00e9 r\u00e9alis\u00e9e concernant les enjeux de cybers\u00e9curit\u00e9. <\/p>\n\n\n\n<p>En parall\u00e8le, l&rsquo;infog\u00e9rant disposant d&rsquo;un interlocuteur adapt\u00e9, s&rsquo;est progressivement remobilis\u00e9 pour faire positivement \u00e9voluer la qualit\u00e9 et le contenu de ses prestations.<\/p>\n\n\n\n<p>La feuille de route se pr\u00e9cisait, une \u00e9tape majeure pouvait \u00eatre lanc\u00e9e, le d\u00e9clenchement du recrutement du directeur des syst\u00e8mes d&rsquo;informations.<\/p>\n\n\n\n<p>Le budget initial projet\u00e9 aurait permis de recruter un jeune consultant sorti d&rsquo;\u00e9cole d&rsquo;ing\u00e9nieur. Apr\u00e8s plusieurs discussions, sur le march\u00e9 de l&#8217;emploi et sur les attentes associ\u00e9s \u00e0 ce nouveau r\u00f4le, un alignement a permis d&rsquo;envisager sereinement les entretiens.<\/p>\n\n\n\n<p>Une fois le candidat id\u00e9al s\u00e9lectionn\u00e9, ce dernier est arriv\u00e9 quelques mois plus tard. La mission s&rsquo;est termin\u00e9e \u00e0 la fin de son int\u00e9gration ponctu\u00e9e par un dernier livrable r\u00e9alis\u00e9e conjointement : la feuille de route DSI 2023-2025.<\/p>\n\n\n\n<p> <\/p>\n<\/div>\n<\/div>\n<\/div><\/div>\n<\/div><\/div>\n","protected":false},"excerpt":{"rendered":"<p>Pilotage et gouvernance du SI dans une PME Objectif :D\u00e9l\u00e9guer tout ou partie de la gouvernance de la technologie de votre entreprise \u00e0 un intervenant de confiance et exp\u00e9riment\u00e9 dans le domaine Pr\u00e9requis : R\u00e9union de d\u00e9couverte du contexte d&rsquo;environ 1h30 avec le dirigeant ou un responsable Livrables exemples :&#8211; feuille de route : strat\u00e9gie,&hellip;&nbsp;<a href=\"https:\/\/www.sparkngo.fr\/index.php\/gouvernance-si\/\" class=\"\" rel=\"bookmark\">Lire la suite &raquo;<span class=\"screen-reader-text\">Gouvernance SI<\/span><\/a><\/p>\n","protected":false},"author":1,"featured_media":0,"parent":0,"menu_order":0,"comment_status":"closed","ping_status":"closed","template":"","meta":{"neve_meta_sidebar":"","neve_meta_container":"contained","neve_meta_enable_content_width":"on","neve_meta_content_width":100,"neve_meta_title_alignment":"","neve_meta_author_avatar":"","neve_post_elements_order":"","neve_meta_disable_header":"","neve_meta_disable_footer":"","neve_meta_disable_title":"on","footnotes":""},"class_list":["post-1181","page","type-page","status-publish","hentry"],"yoast_head":"<!-- This site is optimized with the Yoast SEO plugin v26.0 - https:\/\/yoast.com\/wordpress\/plugins\/seo\/ -->\n<title>Gouvernance SI - spark&amp;go<\/title>\n<meta name=\"robots\" content=\"index, follow, max-snippet:-1, max-image-preview:large, max-video-preview:-1\" \/>\n<link rel=\"canonical\" href=\"https:\/\/www.sparkngo.fr\/index.php\/gouvernance-si\/\" \/>\n<meta property=\"og:locale\" content=\"fr_FR\" \/>\n<meta property=\"og:type\" content=\"article\" \/>\n<meta property=\"og:title\" content=\"Gouvernance SI - spark&amp;go\" \/>\n<meta property=\"og:description\" content=\"Pilotage et gouvernance du SI dans une PME Objectif :D\u00e9l\u00e9guer tout ou partie de la gouvernance de la technologie de votre entreprise \u00e0 un intervenant de confiance et exp\u00e9riment\u00e9 dans le domaine Pr\u00e9requis : R\u00e9union de d\u00e9couverte du contexte d&rsquo;environ 1h30 avec le dirigeant ou un responsable Livrables exemples :&#8211; feuille de route : strat\u00e9gie,&hellip;&nbsp;Lire la suite &raquo;Gouvernance SI\" \/>\n<meta property=\"og:url\" content=\"https:\/\/www.sparkngo.fr\/index.php\/gouvernance-si\/\" \/>\n<meta property=\"og:site_name\" content=\"spark&amp;go\" \/>\n<meta property=\"article:modified_time\" content=\"2023-09-29T15:11:36+00:00\" \/>\n<meta property=\"og:image\" content=\"https:\/\/www.sparkngo.fr\/wp-content\/uploads\/2023\/08\/AdobeStock_629437142-square-1024x1024.jpeg\" \/>\n<meta name=\"twitter:card\" content=\"summary_large_image\" \/>\n<meta name=\"twitter:label1\" content=\"Dur\u00e9e de lecture estim\u00e9e\" \/>\n\t<meta name=\"twitter:data1\" content=\"3 minutes\" \/>\n<script type=\"application\/ld+json\" class=\"yoast-schema-graph\">{\"@context\":\"https:\/\/schema.org\",\"@graph\":[{\"@type\":\"WebPage\",\"@id\":\"https:\/\/www.sparkngo.fr\/index.php\/gouvernance-si\/\",\"url\":\"https:\/\/www.sparkngo.fr\/index.php\/gouvernance-si\/\",\"name\":\"Gouvernance SI - spark&amp;go\",\"isPartOf\":{\"@id\":\"https:\/\/www.sparkngo.fr\/#website\"},\"primaryImageOfPage\":{\"@id\":\"https:\/\/www.sparkngo.fr\/index.php\/gouvernance-si\/#primaryimage\"},\"image\":{\"@id\":\"https:\/\/www.sparkngo.fr\/index.php\/gouvernance-si\/#primaryimage\"},\"thumbnailUrl\":\"https:\/\/www.sparkngo.fr\/wp-content\/uploads\/2023\/08\/AdobeStock_629437142-square-1024x1024.jpeg\",\"datePublished\":\"2023-09-28T15:30:24+00:00\",\"dateModified\":\"2023-09-29T15:11:36+00:00\",\"breadcrumb\":{\"@id\":\"https:\/\/www.sparkngo.fr\/index.php\/gouvernance-si\/#breadcrumb\"},\"inLanguage\":\"fr-FR\",\"potentialAction\":[{\"@type\":\"ReadAction\",\"target\":[\"https:\/\/www.sparkngo.fr\/index.php\/gouvernance-si\/\"]}]},{\"@type\":\"ImageObject\",\"inLanguage\":\"fr-FR\",\"@id\":\"https:\/\/www.sparkngo.fr\/index.php\/gouvernance-si\/#primaryimage\",\"url\":\"https:\/\/www.sparkngo.fr\/wp-content\/uploads\/2023\/08\/AdobeStock_629437142-square-scaled.jpeg\",\"contentUrl\":\"https:\/\/www.sparkngo.fr\/wp-content\/uploads\/2023\/08\/AdobeStock_629437142-square-scaled.jpeg\",\"width\":2560,\"height\":2560,\"caption\":\"A modern data center with racks of servers, cooling systems, and technicians managing the digital infrastructure that powers our interconnected world.\"},{\"@type\":\"BreadcrumbList\",\"@id\":\"https:\/\/www.sparkngo.fr\/index.php\/gouvernance-si\/#breadcrumb\",\"itemListElement\":[{\"@type\":\"ListItem\",\"position\":1,\"name\":\"Accueil\",\"item\":\"https:\/\/www.sparkngo.fr\/\"},{\"@type\":\"ListItem\",\"position\":2,\"name\":\"Gouvernance SI\"}]},{\"@type\":\"WebSite\",\"@id\":\"https:\/\/www.sparkngo.fr\/#website\",\"url\":\"https:\/\/www.sparkngo.fr\/\",\"name\":\"spark&amp;go\",\"description\":\"Ensemble relevons vos d\u00e9fis !\",\"publisher\":{\"@id\":\"https:\/\/www.sparkngo.fr\/#organization\"},\"alternateName\":\"sparkngo\",\"potentialAction\":[{\"@type\":\"SearchAction\",\"target\":{\"@type\":\"EntryPoint\",\"urlTemplate\":\"https:\/\/www.sparkngo.fr\/?s={search_term_string}\"},\"query-input\":{\"@type\":\"PropertyValueSpecification\",\"valueRequired\":true,\"valueName\":\"search_term_string\"}}],\"inLanguage\":\"fr-FR\"},{\"@type\":\"Organization\",\"@id\":\"https:\/\/www.sparkngo.fr\/#organization\",\"name\":\"spark&amp;go\",\"url\":\"https:\/\/www.sparkngo.fr\/\",\"logo\":{\"@type\":\"ImageObject\",\"inLanguage\":\"fr-FR\",\"@id\":\"https:\/\/www.sparkngo.fr\/#\/schema\/logo\/image\/\",\"url\":\"https:\/\/www.sparkngo.fr\/wp-content\/uploads\/2023\/07\/logo-transparent-bk.png\",\"contentUrl\":\"https:\/\/www.sparkngo.fr\/wp-content\/uploads\/2023\/07\/logo-transparent-bk.png\",\"width\":674,\"height\":158,\"caption\":\"spark&amp;go\"},\"image\":{\"@id\":\"https:\/\/www.sparkngo.fr\/#\/schema\/logo\/image\/\"},\"sameAs\":[\"https:\/\/www.linkedin.com\/company\/sparkngo\/\"]}]}<\/script>\n<!-- \/ Yoast SEO plugin. -->","yoast_head_json":{"title":"Gouvernance SI - spark&amp;go","robots":{"index":"index","follow":"follow","max-snippet":"max-snippet:-1","max-image-preview":"max-image-preview:large","max-video-preview":"max-video-preview:-1"},"canonical":"https:\/\/www.sparkngo.fr\/index.php\/gouvernance-si\/","og_locale":"fr_FR","og_type":"article","og_title":"Gouvernance SI - spark&amp;go","og_description":"Pilotage et gouvernance du SI dans une PME Objectif :D\u00e9l\u00e9guer tout ou partie de la gouvernance de la technologie de votre entreprise \u00e0 un intervenant de confiance et exp\u00e9riment\u00e9 dans le domaine Pr\u00e9requis : R\u00e9union de d\u00e9couverte du contexte d&rsquo;environ 1h30 avec le dirigeant ou un responsable Livrables exemples :&#8211; feuille de route : strat\u00e9gie,&hellip;&nbsp;Lire la suite &raquo;Gouvernance SI","og_url":"https:\/\/www.sparkngo.fr\/index.php\/gouvernance-si\/","og_site_name":"spark&amp;go","article_modified_time":"2023-09-29T15:11:36+00:00","og_image":[{"url":"https:\/\/www.sparkngo.fr\/wp-content\/uploads\/2023\/08\/AdobeStock_629437142-square-1024x1024.jpeg","type":"","width":"","height":""}],"twitter_card":"summary_large_image","twitter_misc":{"Dur\u00e9e de lecture estim\u00e9e":"3 minutes"},"schema":{"@context":"https:\/\/schema.org","@graph":[{"@type":"WebPage","@id":"https:\/\/www.sparkngo.fr\/index.php\/gouvernance-si\/","url":"https:\/\/www.sparkngo.fr\/index.php\/gouvernance-si\/","name":"Gouvernance SI - spark&amp;go","isPartOf":{"@id":"https:\/\/www.sparkngo.fr\/#website"},"primaryImageOfPage":{"@id":"https:\/\/www.sparkngo.fr\/index.php\/gouvernance-si\/#primaryimage"},"image":{"@id":"https:\/\/www.sparkngo.fr\/index.php\/gouvernance-si\/#primaryimage"},"thumbnailUrl":"https:\/\/www.sparkngo.fr\/wp-content\/uploads\/2023\/08\/AdobeStock_629437142-square-1024x1024.jpeg","datePublished":"2023-09-28T15:30:24+00:00","dateModified":"2023-09-29T15:11:36+00:00","breadcrumb":{"@id":"https:\/\/www.sparkngo.fr\/index.php\/gouvernance-si\/#breadcrumb"},"inLanguage":"fr-FR","potentialAction":[{"@type":"ReadAction","target":["https:\/\/www.sparkngo.fr\/index.php\/gouvernance-si\/"]}]},{"@type":"ImageObject","inLanguage":"fr-FR","@id":"https:\/\/www.sparkngo.fr\/index.php\/gouvernance-si\/#primaryimage","url":"https:\/\/www.sparkngo.fr\/wp-content\/uploads\/2023\/08\/AdobeStock_629437142-square-scaled.jpeg","contentUrl":"https:\/\/www.sparkngo.fr\/wp-content\/uploads\/2023\/08\/AdobeStock_629437142-square-scaled.jpeg","width":2560,"height":2560,"caption":"A modern data center with racks of servers, cooling systems, and technicians managing the digital infrastructure that powers our interconnected world."},{"@type":"BreadcrumbList","@id":"https:\/\/www.sparkngo.fr\/index.php\/gouvernance-si\/#breadcrumb","itemListElement":[{"@type":"ListItem","position":1,"name":"Accueil","item":"https:\/\/www.sparkngo.fr\/"},{"@type":"ListItem","position":2,"name":"Gouvernance SI"}]},{"@type":"WebSite","@id":"https:\/\/www.sparkngo.fr\/#website","url":"https:\/\/www.sparkngo.fr\/","name":"spark&amp;go","description":"Ensemble relevons vos d\u00e9fis !","publisher":{"@id":"https:\/\/www.sparkngo.fr\/#organization"},"alternateName":"sparkngo","potentialAction":[{"@type":"SearchAction","target":{"@type":"EntryPoint","urlTemplate":"https:\/\/www.sparkngo.fr\/?s={search_term_string}"},"query-input":{"@type":"PropertyValueSpecification","valueRequired":true,"valueName":"search_term_string"}}],"inLanguage":"fr-FR"},{"@type":"Organization","@id":"https:\/\/www.sparkngo.fr\/#organization","name":"spark&amp;go","url":"https:\/\/www.sparkngo.fr\/","logo":{"@type":"ImageObject","inLanguage":"fr-FR","@id":"https:\/\/www.sparkngo.fr\/#\/schema\/logo\/image\/","url":"https:\/\/www.sparkngo.fr\/wp-content\/uploads\/2023\/07\/logo-transparent-bk.png","contentUrl":"https:\/\/www.sparkngo.fr\/wp-content\/uploads\/2023\/07\/logo-transparent-bk.png","width":674,"height":158,"caption":"spark&amp;go"},"image":{"@id":"https:\/\/www.sparkngo.fr\/#\/schema\/logo\/image\/"},"sameAs":["https:\/\/www.linkedin.com\/company\/sparkngo\/"]}]}},"_links":{"self":[{"href":"https:\/\/www.sparkngo.fr\/index.php\/wp-json\/wp\/v2\/pages\/1181","targetHints":{"allow":["GET"]}}],"collection":[{"href":"https:\/\/www.sparkngo.fr\/index.php\/wp-json\/wp\/v2\/pages"}],"about":[{"href":"https:\/\/www.sparkngo.fr\/index.php\/wp-json\/wp\/v2\/types\/page"}],"author":[{"embeddable":true,"href":"https:\/\/www.sparkngo.fr\/index.php\/wp-json\/wp\/v2\/users\/1"}],"replies":[{"embeddable":true,"href":"https:\/\/www.sparkngo.fr\/index.php\/wp-json\/wp\/v2\/comments?post=1181"}],"version-history":[{"count":9,"href":"https:\/\/www.sparkngo.fr\/index.php\/wp-json\/wp\/v2\/pages\/1181\/revisions"}],"predecessor-version":[{"id":1281,"href":"https:\/\/www.sparkngo.fr\/index.php\/wp-json\/wp\/v2\/pages\/1181\/revisions\/1281"}],"wp:attachment":[{"href":"https:\/\/www.sparkngo.fr\/index.php\/wp-json\/wp\/v2\/media?parent=1181"}],"curies":[{"name":"wp","href":"https:\/\/api.w.org\/{rel}","templated":true}]}}