{"id":390,"date":"2023-06-23T17:43:53","date_gmt":"2023-06-23T15:43:53","guid":{"rendered":"https:\/\/www.sparkngo.fr\/?page_id=390"},"modified":"2024-06-11T21:43:44","modified_gmt":"2024-06-11T19:43:44","slug":"les-valeurs","status":"publish","type":"page","link":"https:\/\/www.sparkngo.fr\/index.php\/les-valeurs\/","title":{"rendered":"Les valeurs"},"content":{"rendered":"\n<div class=\"wp-block-cover\" style=\"min-height:736px;aspect-ratio:unset;\"><span aria-hidden=\"true\" class=\"wp-block-cover__background has-nv-site-bg-background-color has-background-dim-100 has-background-dim\"><\/span><div class=\"wp-block-cover__inner-container is-layout-constrained wp-block-cover-is-layout-constrained\">\n<p class=\"has-text-align-center has-large-font-size\"><\/p>\n\n\n\n<div class=\"wp-block-columns is-layout-flex wp-container-core-columns-is-layout-9d6595d7 wp-block-columns-is-layout-flex\">\n<div class=\"wp-block-column is-layout-flow wp-block-column-is-layout-flow\">\n<figure class=\"wp-block-image size-large is-resized\"><img loading=\"lazy\" decoding=\"async\" width=\"1024\" height=\"1024\" src=\"https:\/\/www.sparkngo.fr\/wp-content\/uploads\/2023\/08\/AdobeStock_616815343-square-1024x1024.jpeg\" alt=\"Image d\u00e9corative : dessin tr\u00e8s color\u00e9e avec un grand nombre de mains de toutes les couleurs et qui rejoignent toutes le centre, symbolisant l'alignement et l'esprit d'\u00e9quipe\" class=\"wp-image-884\" style=\"width:550px;height:undefinedpx\" srcset=\"https:\/\/www.sparkngo.fr\/wp-content\/uploads\/2023\/08\/AdobeStock_616815343-square-1024x1024.jpeg 1024w, https:\/\/www.sparkngo.fr\/wp-content\/uploads\/2023\/08\/AdobeStock_616815343-square-300x300.jpeg 300w, https:\/\/www.sparkngo.fr\/wp-content\/uploads\/2023\/08\/AdobeStock_616815343-square-150x150.jpeg 150w, https:\/\/www.sparkngo.fr\/wp-content\/uploads\/2023\/08\/AdobeStock_616815343-square-768x768.jpeg 768w\" sizes=\"auto, (max-width: 1024px) 100vw, 1024px\" \/><figcaption class=\"wp-element-caption\">Abstract CAI<\/figcaption><\/figure>\n<\/div>\n\n\n\n<div class=\"wp-block-column is-layout-flow wp-block-column-is-layout-flow\">\n<div class=\"wp-block-group\"><div class=\"wp-block-group__inner-container is-layout-constrained wp-block-group-is-layout-constrained\">\n<h2 class=\"wp-block-heading has-nv-dark-bg-color has-text-color\">Notre culture<\/h2>\n\n\n\n<p class=\"has-nv-dark-bg-color has-text-color\">Une culture d&rsquo;entreprise symbolis\u00e9e par 3 valeurs :<br>&gt; <strong>Engagement<\/strong> : consid\u00e9rer l&rsquo;importance du lien qui nous lie<br>&gt; <strong>Transparence<\/strong> : \u00eatre libre de s&rsquo;exprimer en confiance<br>&gt; <strong>Cr\u00e9ativit\u00e9 <\/strong>: faire preuve d&rsquo;initiative et d&rsquo;inventivit\u00e9<br><br>Ces valeurs impr\u00e8gnent toutes les facettes de l&rsquo;entreprise, dans le quotidien avec les collaborateurs comme dans les interactions avec l&rsquo;\u00e9cosyst\u00e8me de clients et de partenaires.<br><br><\/p>\n\n\n\n<p><\/p>\n<\/div><\/div>\n<\/div>\n<\/div>\n<\/div><\/div>\n\n\n\n<div class=\"wp-block-cover alignfull\"><span aria-hidden=\"true\" class=\"wp-block-cover__background has-nv-dark-bg-background-color has-background-dim-100 has-background-dim\"><\/span><div class=\"wp-block-cover__inner-container is-layout-constrained wp-block-cover-is-layout-constrained\">\n<p class=\"has-text-align-center has-large-font-size\"><\/p>\n\n\n\n<div class=\"wp-block-group\"><div class=\"wp-block-group__inner-container is-layout-constrained wp-block-group-is-layout-constrained\">\n<div class=\"wp-block-columns is-layout-flex wp-container-core-columns-is-layout-9d6595d7 wp-block-columns-is-layout-flex\">\n<div class=\"wp-block-column is-layout-flow wp-block-column-is-layout-flow\">\n<div class=\"wp-block-columns alignwide is-layout-flex wp-container-core-columns-is-layout-9d6595d7 wp-block-columns-is-layout-flex\">\n<div class=\"wp-block-column is-layout-flow wp-block-column-is-layout-flow\">\n<h2 class=\"wp-block-heading\">Notre raison d&rsquo;\u00eatre<\/h2>\n\n\n\n<p>Nous voulons agir pour vous \u00eatre utile, de mani\u00e8re responsable, pour maximiser le potentiel de vos \u00e9quipes dans l&rsquo;utilisation de leur environnement de travail.<\/p>\n<\/div>\n\n\n\n<div class=\"wp-block-column is-layout-flow wp-block-column-is-layout-flow\"><div class=\"wp-block-image\">\n<figure class=\"alignleft size-large is-resized\"><img loading=\"lazy\" decoding=\"async\" width=\"1024\" height=\"1024\" src=\"https:\/\/www.sparkngo.fr\/wp-content\/uploads\/2023\/08\/AdobeStock_606389460-square-1024x1024.jpeg\" alt=\"\" class=\"wp-image-910\" style=\"width:550px;height:undefinedpx\" srcset=\"https:\/\/www.sparkngo.fr\/wp-content\/uploads\/2023\/08\/AdobeStock_606389460-square-1024x1024.jpeg 1024w, https:\/\/www.sparkngo.fr\/wp-content\/uploads\/2023\/08\/AdobeStock_606389460-square-300x300.jpeg 300w, https:\/\/www.sparkngo.fr\/wp-content\/uploads\/2023\/08\/AdobeStock_606389460-square-150x150.jpeg 150w, https:\/\/www.sparkngo.fr\/wp-content\/uploads\/2023\/08\/AdobeStock_606389460-square-768x768.jpeg 768w, https:\/\/www.sparkngo.fr\/wp-content\/uploads\/2023\/08\/AdobeStock_606389460-square-1536x1536.jpeg 1536w, https:\/\/www.sparkngo.fr\/wp-content\/uploads\/2023\/08\/AdobeStock_606389460-square-2048x2048.jpeg 2048w\" sizes=\"auto, (max-width: 1024px) 100vw, 1024px\" \/><\/figure>\n<\/div><\/div>\n<\/div>\n<\/div>\n<\/div>\n<\/div><\/div>\n<\/div><\/div>\n\n\n\n<div class=\"wp-block-cover alignfull has-nv-dark-bg-color has-text-color\"><span aria-hidden=\"true\" class=\"wp-block-cover__background has-nv-site-bg-background-color has-background-dim-100 has-background-dim\"><\/span><div class=\"wp-block-cover__inner-container is-layout-constrained wp-block-cover-is-layout-constrained\">\n<p class=\"has-text-align-center has-large-font-size\"><\/p>\n\n\n\n<div class=\"wp-block-group alignwide\"><div class=\"wp-block-group__inner-container is-layout-constrained wp-block-group-is-layout-constrained\">\n<div class=\"wp-block-columns is-layout-flex wp-container-core-columns-is-layout-9d6595d7 wp-block-columns-is-layout-flex\">\n<div class=\"wp-block-column is-layout-flow wp-block-column-is-layout-flow\"><div class=\"wp-block-image\">\n<figure class=\"alignright size-full is-resized\"><img loading=\"lazy\" decoding=\"async\" width=\"4271\" height=\"4271\" src=\"https:\/\/www.sparkngo.fr\/wp-content\/uploads\/2023\/08\/Fichier-1@2x-square.png\" alt=\"Image d\u00e9corative : dessin color\u00e9e avec une jauge du rouge vers le vert dont le curseur est dans le vert. Quatre personnages sont pr\u00e9sent, tous occup\u00e9s, avec un pouce g\u00e9ant, avec une \u00e9toile g\u00e9ante, avec un smiley g\u00e9ant et un ordinateur portable\" class=\"wp-image-886\" style=\"width:550px;height:undefinedpx\" srcset=\"https:\/\/www.sparkngo.fr\/wp-content\/uploads\/2023\/08\/Fichier-1@2x-square.png 4271w, https:\/\/www.sparkngo.fr\/wp-content\/uploads\/2023\/08\/Fichier-1@2x-square-300x300.png 300w, https:\/\/www.sparkngo.fr\/wp-content\/uploads\/2023\/08\/Fichier-1@2x-square-1024x1024.png 1024w, https:\/\/www.sparkngo.fr\/wp-content\/uploads\/2023\/08\/Fichier-1@2x-square-150x150.png 150w, https:\/\/www.sparkngo.fr\/wp-content\/uploads\/2023\/08\/Fichier-1@2x-square-768x768.png 768w, https:\/\/www.sparkngo.fr\/wp-content\/uploads\/2023\/08\/Fichier-1@2x-square-1536x1536.png 1536w, https:\/\/www.sparkngo.fr\/wp-content\/uploads\/2023\/08\/Fichier-1@2x-square-2048x2048.png 2048w\" sizes=\"auto, (max-width: 4271px) 100vw, 4271px\" \/><\/figure>\n<\/div><\/div>\n\n\n\n<div class=\"wp-block-column is-layout-flow wp-block-column-is-layout-flow\">\n<h2 class=\"wp-block-heading\">Pourquoi choisir spark&amp;go ?<\/h2>\n\n\n\n<p class=\"has-text-align-left\">Pour son expertise sp\u00e9cifique dans l&rsquo;am\u00e9lioration de l&rsquo;exp\u00e9rience collaborateur<\/p>\n\n\n\n<p>Pour le partage r\u00e9ciproque des exp\u00e9riences acquises sur le terrain<\/p>\n\n\n\n<p class=\"has-text-align-left\">Pour la volont\u00e9 de d\u00e9couvrir r\u00e9guli\u00e8rement des nouveaut\u00e9s et d&rsquo;oser les exp\u00e9rimenter<\/p>\n\n\n\n<p class=\"has-text-align-left\">Pour l&rsquo;importance plac\u00e9e sur les comp\u00e9tences humaines<\/p>\n\n\n\n<p class=\"has-text-align-left\">Pour l&rsquo;approche tourn\u00e9e vers le collectif : \u00ab\u00a0d\u00e9termin\u00e9 \u00e0 faire r\u00e9ussir les autres\u00a0\u00bb<\/p>\n<\/div>\n<\/div>\n<\/div><\/div>\n<\/div><\/div>\n","protected":false},"excerpt":{"rendered":"","protected":false},"author":1,"featured_media":0,"parent":0,"menu_order":0,"comment_status":"closed","ping_status":"closed","template":"","meta":{"neve_meta_sidebar":"","neve_meta_container":"contained","neve_meta_enable_content_width":"on","neve_meta_content_width":100,"neve_meta_title_alignment":"","neve_meta_author_avatar":"","neve_post_elements_order":"","neve_meta_disable_header":"","neve_meta_disable_footer":"","neve_meta_disable_title":"on","footnotes":""},"class_list":["post-390","page","type-page","status-publish","hentry"],"yoast_head":"<!-- This site is optimized with the Yoast SEO plugin v26.0 - https:\/\/yoast.com\/wordpress\/plugins\/seo\/ -->\n<title>Les valeurs - spark&amp;go<\/title>\n<meta name=\"robots\" content=\"index, follow, max-snippet:-1, max-image-preview:large, max-video-preview:-1\" \/>\n<link rel=\"canonical\" href=\"https:\/\/www.sparkngo.fr\/index.php\/les-valeurs\/\" \/>\n<meta property=\"og:locale\" content=\"fr_FR\" \/>\n<meta property=\"og:type\" content=\"article\" \/>\n<meta property=\"og:title\" content=\"Les valeurs - spark&amp;go\" \/>\n<meta property=\"og:url\" content=\"https:\/\/www.sparkngo.fr\/index.php\/les-valeurs\/\" \/>\n<meta property=\"og:site_name\" content=\"spark&amp;go\" \/>\n<meta property=\"article:modified_time\" content=\"2024-06-11T19:43:44+00:00\" \/>\n<meta property=\"og:image\" content=\"https:\/\/www.sparkngo.fr\/wp-content\/uploads\/2023\/08\/AdobeStock_616815343-square-1024x1024.jpeg\" \/>\n<meta name=\"twitter:card\" content=\"summary_large_image\" \/>\n<meta name=\"twitter:label1\" content=\"Dur\u00e9e de lecture estim\u00e9e\" \/>\n\t<meta name=\"twitter:data1\" content=\"2 minutes\" \/>\n<script type=\"application\/ld+json\" class=\"yoast-schema-graph\">{\"@context\":\"https:\/\/schema.org\",\"@graph\":[{\"@type\":\"WebPage\",\"@id\":\"https:\/\/www.sparkngo.fr\/index.php\/les-valeurs\/\",\"url\":\"https:\/\/www.sparkngo.fr\/index.php\/les-valeurs\/\",\"name\":\"Les valeurs - spark&amp;go\",\"isPartOf\":{\"@id\":\"https:\/\/www.sparkngo.fr\/#website\"},\"primaryImageOfPage\":{\"@id\":\"https:\/\/www.sparkngo.fr\/index.php\/les-valeurs\/#primaryimage\"},\"image\":{\"@id\":\"https:\/\/www.sparkngo.fr\/index.php\/les-valeurs\/#primaryimage\"},\"thumbnailUrl\":\"https:\/\/www.sparkngo.fr\/wp-content\/uploads\/2023\/08\/AdobeStock_616815343-square-1024x1024.jpeg\",\"datePublished\":\"2023-06-23T15:43:53+00:00\",\"dateModified\":\"2024-06-11T19:43:44+00:00\",\"breadcrumb\":{\"@id\":\"https:\/\/www.sparkngo.fr\/index.php\/les-valeurs\/#breadcrumb\"},\"inLanguage\":\"fr-FR\",\"potentialAction\":[{\"@type\":\"ReadAction\",\"target\":[\"https:\/\/www.sparkngo.fr\/index.php\/les-valeurs\/\"]}]},{\"@type\":\"ImageObject\",\"inLanguage\":\"fr-FR\",\"@id\":\"https:\/\/www.sparkngo.fr\/index.php\/les-valeurs\/#primaryimage\",\"url\":\"https:\/\/www.sparkngo.fr\/wp-content\/uploads\/2023\/08\/AdobeStock_616815343-square-scaled.jpeg\",\"contentUrl\":\"https:\/\/www.sparkngo.fr\/wp-content\/uploads\/2023\/08\/AdobeStock_616815343-square-scaled.jpeg\",\"width\":2560,\"height\":2560,\"caption\":\"Abstract Celebrating diversity and inclusivity in teamworks at the office workplace by linking arms together. Generative AI\"},{\"@type\":\"BreadcrumbList\",\"@id\":\"https:\/\/www.sparkngo.fr\/index.php\/les-valeurs\/#breadcrumb\",\"itemListElement\":[{\"@type\":\"ListItem\",\"position\":1,\"name\":\"Accueil\",\"item\":\"https:\/\/www.sparkngo.fr\/\"},{\"@type\":\"ListItem\",\"position\":2,\"name\":\"Les valeurs\"}]},{\"@type\":\"WebSite\",\"@id\":\"https:\/\/www.sparkngo.fr\/#website\",\"url\":\"https:\/\/www.sparkngo.fr\/\",\"name\":\"spark&amp;go\",\"description\":\"Ensemble relevons vos d\u00e9fis !\",\"publisher\":{\"@id\":\"https:\/\/www.sparkngo.fr\/#organization\"},\"alternateName\":\"sparkngo\",\"potentialAction\":[{\"@type\":\"SearchAction\",\"target\":{\"@type\":\"EntryPoint\",\"urlTemplate\":\"https:\/\/www.sparkngo.fr\/?s={search_term_string}\"},\"query-input\":{\"@type\":\"PropertyValueSpecification\",\"valueRequired\":true,\"valueName\":\"search_term_string\"}}],\"inLanguage\":\"fr-FR\"},{\"@type\":\"Organization\",\"@id\":\"https:\/\/www.sparkngo.fr\/#organization\",\"name\":\"spark&amp;go\",\"url\":\"https:\/\/www.sparkngo.fr\/\",\"logo\":{\"@type\":\"ImageObject\",\"inLanguage\":\"fr-FR\",\"@id\":\"https:\/\/www.sparkngo.fr\/#\/schema\/logo\/image\/\",\"url\":\"https:\/\/www.sparkngo.fr\/wp-content\/uploads\/2023\/07\/logo-transparent-bk.png\",\"contentUrl\":\"https:\/\/www.sparkngo.fr\/wp-content\/uploads\/2023\/07\/logo-transparent-bk.png\",\"width\":674,\"height\":158,\"caption\":\"spark&amp;go\"},\"image\":{\"@id\":\"https:\/\/www.sparkngo.fr\/#\/schema\/logo\/image\/\"},\"sameAs\":[\"https:\/\/www.linkedin.com\/company\/sparkngo\/\"]}]}<\/script>\n<!-- \/ Yoast SEO plugin. -->","yoast_head_json":{"title":"Les valeurs - spark&amp;go","robots":{"index":"index","follow":"follow","max-snippet":"max-snippet:-1","max-image-preview":"max-image-preview:large","max-video-preview":"max-video-preview:-1"},"canonical":"https:\/\/www.sparkngo.fr\/index.php\/les-valeurs\/","og_locale":"fr_FR","og_type":"article","og_title":"Les valeurs - spark&amp;go","og_url":"https:\/\/www.sparkngo.fr\/index.php\/les-valeurs\/","og_site_name":"spark&amp;go","article_modified_time":"2024-06-11T19:43:44+00:00","og_image":[{"url":"https:\/\/www.sparkngo.fr\/wp-content\/uploads\/2023\/08\/AdobeStock_616815343-square-1024x1024.jpeg","type":"","width":"","height":""}],"twitter_card":"summary_large_image","twitter_misc":{"Dur\u00e9e de lecture estim\u00e9e":"2 minutes"},"schema":{"@context":"https:\/\/schema.org","@graph":[{"@type":"WebPage","@id":"https:\/\/www.sparkngo.fr\/index.php\/les-valeurs\/","url":"https:\/\/www.sparkngo.fr\/index.php\/les-valeurs\/","name":"Les valeurs - spark&amp;go","isPartOf":{"@id":"https:\/\/www.sparkngo.fr\/#website"},"primaryImageOfPage":{"@id":"https:\/\/www.sparkngo.fr\/index.php\/les-valeurs\/#primaryimage"},"image":{"@id":"https:\/\/www.sparkngo.fr\/index.php\/les-valeurs\/#primaryimage"},"thumbnailUrl":"https:\/\/www.sparkngo.fr\/wp-content\/uploads\/2023\/08\/AdobeStock_616815343-square-1024x1024.jpeg","datePublished":"2023-06-23T15:43:53+00:00","dateModified":"2024-06-11T19:43:44+00:00","breadcrumb":{"@id":"https:\/\/www.sparkngo.fr\/index.php\/les-valeurs\/#breadcrumb"},"inLanguage":"fr-FR","potentialAction":[{"@type":"ReadAction","target":["https:\/\/www.sparkngo.fr\/index.php\/les-valeurs\/"]}]},{"@type":"ImageObject","inLanguage":"fr-FR","@id":"https:\/\/www.sparkngo.fr\/index.php\/les-valeurs\/#primaryimage","url":"https:\/\/www.sparkngo.fr\/wp-content\/uploads\/2023\/08\/AdobeStock_616815343-square-scaled.jpeg","contentUrl":"https:\/\/www.sparkngo.fr\/wp-content\/uploads\/2023\/08\/AdobeStock_616815343-square-scaled.jpeg","width":2560,"height":2560,"caption":"Abstract Celebrating diversity and inclusivity in teamworks at the office workplace by linking arms together. Generative AI"},{"@type":"BreadcrumbList","@id":"https:\/\/www.sparkngo.fr\/index.php\/les-valeurs\/#breadcrumb","itemListElement":[{"@type":"ListItem","position":1,"name":"Accueil","item":"https:\/\/www.sparkngo.fr\/"},{"@type":"ListItem","position":2,"name":"Les valeurs"}]},{"@type":"WebSite","@id":"https:\/\/www.sparkngo.fr\/#website","url":"https:\/\/www.sparkngo.fr\/","name":"spark&amp;go","description":"Ensemble relevons vos d\u00e9fis !","publisher":{"@id":"https:\/\/www.sparkngo.fr\/#organization"},"alternateName":"sparkngo","potentialAction":[{"@type":"SearchAction","target":{"@type":"EntryPoint","urlTemplate":"https:\/\/www.sparkngo.fr\/?s={search_term_string}"},"query-input":{"@type":"PropertyValueSpecification","valueRequired":true,"valueName":"search_term_string"}}],"inLanguage":"fr-FR"},{"@type":"Organization","@id":"https:\/\/www.sparkngo.fr\/#organization","name":"spark&amp;go","url":"https:\/\/www.sparkngo.fr\/","logo":{"@type":"ImageObject","inLanguage":"fr-FR","@id":"https:\/\/www.sparkngo.fr\/#\/schema\/logo\/image\/","url":"https:\/\/www.sparkngo.fr\/wp-content\/uploads\/2023\/07\/logo-transparent-bk.png","contentUrl":"https:\/\/www.sparkngo.fr\/wp-content\/uploads\/2023\/07\/logo-transparent-bk.png","width":674,"height":158,"caption":"spark&amp;go"},"image":{"@id":"https:\/\/www.sparkngo.fr\/#\/schema\/logo\/image\/"},"sameAs":["https:\/\/www.linkedin.com\/company\/sparkngo\/"]}]}},"_links":{"self":[{"href":"https:\/\/www.sparkngo.fr\/index.php\/wp-json\/wp\/v2\/pages\/390","targetHints":{"allow":["GET"]}}],"collection":[{"href":"https:\/\/www.sparkngo.fr\/index.php\/wp-json\/wp\/v2\/pages"}],"about":[{"href":"https:\/\/www.sparkngo.fr\/index.php\/wp-json\/wp\/v2\/types\/page"}],"author":[{"embeddable":true,"href":"https:\/\/www.sparkngo.fr\/index.php\/wp-json\/wp\/v2\/users\/1"}],"replies":[{"embeddable":true,"href":"https:\/\/www.sparkngo.fr\/index.php\/wp-json\/wp\/v2\/comments?post=390"}],"version-history":[{"count":52,"href":"https:\/\/www.sparkngo.fr\/index.php\/wp-json\/wp\/v2\/pages\/390\/revisions"}],"predecessor-version":[{"id":1542,"href":"https:\/\/www.sparkngo.fr\/index.php\/wp-json\/wp\/v2\/pages\/390\/revisions\/1542"}],"wp:attachment":[{"href":"https:\/\/www.sparkngo.fr\/index.php\/wp-json\/wp\/v2\/media?parent=390"}],"curies":[{"name":"wp","href":"https:\/\/api.w.org\/{rel}","templated":true}]}}